   {"id":117,"date":"2023-08-04T09:56:42","date_gmt":"2023-08-04T13:56:42","guid":{"rendered":"http:\/\/siteccrm:8080\/?page_id=117"},"modified":"2025-08-15T09:31:27","modified_gmt":"2025-08-15T13:31:27","slug":"a-propos","status":"publish","type":"page","link":"https:\/\/ccrm-mtl.com\/ccrm\/a-propos\/","title":{"rendered":"\u00c0 propos"},"content":{"rendered":"\n<div class=\"wp-block-group\"><div class=\"wp-block-group__inner-container is-layout-constrained wp-block-group-is-layout-constrained\">\n<h2 class=\"wp-block-heading\">Mission<\/h2>\n\n\n\n<p><strong>Fond\u00e9e en 1993 par des cadres retrait\u00e9s <strong>mais ayant d\u00e9but\u00e9 ses activit\u00e9s officiellement en 1994,<\/strong> la Conf\u00e9rence des cadres retrait\u00e9s de Montr\u00e9al vise \u00e0&nbsp; :<\/strong><\/p>\n\n\n\n<ul class=\"wp-block-list\">\n<li>Regrouper en association les cadres retrait\u00e9s de la Ville de Montr\u00e9al et les repr\u00e9senter aupr\u00e8s d&rsquo;instances gouvernementales, institutionnelles, financi\u00e8res, commerciales et\/ou de toute autre nature, selon le cas <\/li>\n\n\n\n<li>D\u00e9fendre et promouvoir les int\u00e9r\u00eats professionnels et financiers de ses membres <\/li>\n\n\n\n<li>Informer les membres sur des sujets li\u00e9s \u00e0 leur statut de retrait\u00e9 ou de toute autre nature et d&rsquo;int\u00e9r\u00eat  <\/li>\n\n\n\n<li>Organiser toute activit\u00e9 sociale, sportive et\/ou culturelle pour maintenir les liens entre ses membres.<\/li>\n<\/ul>\n\n\n\n<div style=\"height:20px\" aria-hidden=\"true\" class=\"wp-block-spacer\"><\/div>\n\n\n\n<h2 class=\"wp-block-heading\">Les r\u00e9alisations r\u00e9centes<\/h2>\n<\/div><\/div>\n\n\n\n<ul class=\"wp-block-list\">\n<li>Obtention de billets offerts gratuitement aux membres leur permettant de participer \u00e0 diff\u00e9rents \u00e9v\u00e9nements culturels <\/li>\n\n\n\n<li>Rabais substantiels en mati\u00e8re d&rsquo;assurances r\u00e9sidentielle et automobile <strong>(Beneva)<\/strong><\/li>\n\n\n\n<li>Repr\u00e9sentation active \u00e0 la Commission du r\u00e9gime de retraite des cadres de la Ville de Montr\u00e9al<\/li>\n\n\n\n<li>Organisation de voyages, de visites guid\u00e9es, de diners champ\u00eatres etc.<\/li>\n<\/ul>\n\n\n\n<div style=\"height:20px\" aria-hidden=\"true\" class=\"wp-block-spacer\"><\/div>\n\n\n\n<h2 class=\"wp-block-heading\">Les dossiers majeurs<\/h2>\n\n\n\n<ul class=\"wp-block-list\">\n<li>D\u00e9marches en vue soit de&nbsp;: bonifier les assurances pour int\u00e9grer le volet annulation ou interruption de voyage pour les cadres qui b\u00e9n\u00e9ficient du programme actuel, incluant le programme d&rsquo;assurances m\u00e9dicaments, voyage et dentaire<strong> <\/strong>ou pour les cadres ne b\u00e9n\u00e9ficiant plus de l\u2019assurance maladie, leur offrir \u00e9galement la possibilit\u00e9 de b\u00e9n\u00e9ficier du volet annulation ou interruption de voyage<\/li>\n\n\n\n<li>Poursuite de la refonte des r\u00e8glements de la CCRM en cours<\/li>\n\n\n\n<li>Intensification des initiatives en vue de favoriser le recrutement de nouveaux membres.<\/li>\n<\/ul>\n\n\n\n<p><\/p>\n","protected":false},"excerpt":{"rendered":"<p>Mission Fond\u00e9e en 1993 par des cadres retrait\u00e9s mais ayant d\u00e9but\u00e9 ses activit\u00e9s officiellement en 1994, la Conf\u00e9rence des cadres retrait\u00e9s de Montr\u00e9al vise \u00e0&nbsp; : Les r\u00e9alisations r\u00e9centes Les dossiers majeurs<\/p>\n","protected":false},"author":2,"featured_media":0,"parent":0,"menu_order":0,"comment_status":"closed","ping_status":"closed","template":"","meta":{"_acf_changed":false,"footnotes":""},"class_list":["post-117","page","type-page","status-publish","hentry"],"acf":{"banniere_arriereplan":"","banniere_soustitre":""},"_links":{"self":[{"href":"https:\/\/ccrm-mtl.com\/ccrm\/wp-json\/wp\/v2\/pages\/117","targetHints":{"allow":["GET"]}}],"collection":[{"href":"https:\/\/ccrm-mtl.com\/ccrm\/wp-json\/wp\/v2\/pages"}],"about":[{"href":"https:\/\/ccrm-mtl.com\/ccrm\/wp-json\/wp\/v2\/types\/page"}],"author":[{"embeddable":true,"href":"https:\/\/ccrm-mtl.com\/ccrm\/wp-json\/wp\/v2\/users\/2"}],"replies":[{"embeddable":true,"href":"https:\/\/ccrm-mtl.com\/ccrm\/wp-json\/wp\/v2\/comments?post=117"}],"version-history":[{"count":5,"href":"https:\/\/ccrm-mtl.com\/ccrm\/wp-json\/wp\/v2\/pages\/117\/revisions"}],"predecessor-version":[{"id":1925,"href":"https:\/\/ccrm-mtl.com\/ccrm\/wp-json\/wp\/v2\/pages\/117\/revisions\/1925"}],"wp:attachment":[{"href":"https:\/\/ccrm-mtl.com\/ccrm\/wp-json\/wp\/v2\/media?parent=117"}],"curies":[{"name":"wp","href":"https:\/\/api.w.org\/{rel}","templated":true}]}}