   {"id":84,"date":"2023-08-01T17:31:05","date_gmt":"2023-08-01T21:31:05","guid":{"rendered":"http:\/\/siteccrm:8080\/?page_id=84"},"modified":"2024-04-23T12:35:52","modified_gmt":"2024-04-23T16:35:52","slug":"accueil","status":"publish","type":"page","link":"https:\/\/ccrm-mtl.com\/ccrm\/","title":{"rendered":"Accueil"},"content":{"rendered":"\n<p>Au terme d\u2019une carri\u00e8re professionnelle bien remplie \u00e0 servir le public montr\u00e9alais \u00e0 titre de cadre, nous aspirons tous \u00e0 une retraite agr\u00e9able. Or, un bon moyen d\u2019atteindre ce but consiste \u00e0 s\u2019engager dans une retraite active.<\/p>\n\n\n","protected":false},"excerpt":{"rendered":"<p>Au terme d\u2019une carri\u00e8re professionnelle bien remplie \u00e0 servir le public montr\u00e9alais \u00e0 titre de cadre, nous aspirons tous \u00e0 une retraite agr\u00e9able. Or, un bon moyen d\u2019atteindre ce but consiste \u00e0 s\u2019engager dans une retraite active. IMPORTANTCHANGEMENT DE SALLE POUR L\u2019ASSEMBL\u00c9E G\u00c9N\u00c9RALE Malheureusement, d\u00fb \u00e0 un contretemps, nous devons changer de salle pour l\u2019assembl\u00e9e [&hellip;]<\/p>\n","protected":false},"author":2,"featured_media":0,"parent":0,"menu_order":0,"comment_status":"closed","ping_status":"closed","template":"","meta":{"_acf_changed":false,"footnotes":""},"class_list":["post-84","page","type-page","status-publish","hentry"],"acf":{"banniere_arriereplan":"","banniere_soustitre":""},"_links":{"self":[{"href":"https:\/\/ccrm-mtl.com\/ccrm\/wp-json\/wp\/v2\/pages\/84","targetHints":{"allow":["GET"]}}],"collection":[{"href":"https:\/\/ccrm-mtl.com\/ccrm\/wp-json\/wp\/v2\/pages"}],"about":[{"href":"https:\/\/ccrm-mtl.com\/ccrm\/wp-json\/wp\/v2\/types\/page"}],"author":[{"embeddable":true,"href":"https:\/\/ccrm-mtl.com\/ccrm\/wp-json\/wp\/v2\/users\/2"}],"replies":[{"embeddable":true,"href":"https:\/\/ccrm-mtl.com\/ccrm\/wp-json\/wp\/v2\/comments?post=84"}],"version-history":[{"count":3,"href":"https:\/\/ccrm-mtl.com\/ccrm\/wp-json\/wp\/v2\/pages\/84\/revisions"}],"predecessor-version":[{"id":1213,"href":"https:\/\/ccrm-mtl.com\/ccrm\/wp-json\/wp\/v2\/pages\/84\/revisions\/1213"}],"wp:attachment":[{"href":"https:\/\/ccrm-mtl.com\/ccrm\/wp-json\/wp\/v2\/media?parent=84"}],"curies":[{"name":"wp","href":"https:\/\/api.w.org\/{rel}","templated":true}]}}